{"id":953,"date":"2022-06-14T16:35:35","date_gmt":"2022-06-14T14:35:35","guid":{"rendered":"http:\/\/fifreligne.fr\/?page_id=953"},"modified":"2024-06-21T12:16:22","modified_gmt":"2024-06-21T10:16:22","slug":"drouilly","status":"publish","type":"page","link":"https:\/\/fifreligne.fr\/index.php\/drouilly\/","title":{"rendered":"Drouilly"},"content":{"rendered":"\t\t<div data-elementor-type=\"wp-page\" data-elementor-id=\"953\" class=\"elementor elementor-953\">\n\t\t\t\t\t\t<section class=\"elementor-section elementor-top-section elementor-element elementor-element-5da52b4 elementor-section-boxed elementor-section-height-default elementor-section-height-default\" data-id=\"5da52b4\" data-element_type=\"section\">\n\t\t\t\t\t\t<div class=\"elementor-container elementor-column-gap-default\">\n\t\t\t\t\t<div class=\"elementor-column elementor-col-100 elementor-top-column elementor-element elementor-element-07cfb34\" data-id=\"07cfb34\" data-element_type=\"column\">\n\t\t\t<div class=\"elementor-widget-wrap\">\n\t\t\t\t\t\t\t<\/div>\n\t\t<\/div>\n\t\t\t\t\t<\/div>\n\t\t<\/section>\n\t\t\t\t<section class=\"elementor-section elementor-top-section elementor-element elementor-element-130e794 elementor-section-height-min-height elementor-section-boxed elementor-section-height-default elementor-section-items-middle\" data-id=\"130e794\" data-element_type=\"section\" data-settings=\"{&quot;background_background&quot;:&quot;classic&quot;}\">\n\t\t\t\t\t\t<div class=\"elementor-container elementor-column-gap-default\">\n\t\t\t\t\t<div class=\"elementor-column elementor-col-100 elementor-top-column elementor-element elementor-element-0335374\" data-id=\"0335374\" data-element_type=\"column\">\n\t\t\t<div class=\"elementor-widget-wrap\">\n\t\t\t\t\t\t\t<\/div>\n\t\t<\/div>\n\t\t\t\t\t<\/div>\n\t\t<\/section>\n\t\t\t\t<section class=\"elementor-section elementor-top-section elementor-element elementor-element-e5c6eb5 elementor-section-boxed elementor-section-height-default elementor-section-height-default\" data-id=\"e5c6eb5\" data-element_type=\"section\">\n\t\t\t\t\t\t<div class=\"elementor-container elementor-column-gap-default\">\n\t\t\t\t\t<div class=\"elementor-column elementor-col-100 elementor-top-column elementor-element elementor-element-7a35e00\" data-id=\"7a35e00\" data-element_type=\"column\">\n\t\t\t<div class=\"elementor-widget-wrap elementor-element-populated\">\n\t\t\t\t\t\t<div class=\"elementor-element elementor-element-24ec157 elementor-widget elementor-widget-spacer\" data-id=\"24ec157\" data-element_type=\"widget\" data-widget_type=\"spacer.default\">\n\t\t\t\t<div class=\"elementor-widget-container\">\n\t\t\t\t\t<div class=\"elementor-spacer\">\n\t\t\t<div class=\"elementor-spacer-inner\"><\/div>\n\t\t<\/div>\n\t\t\t\t<\/div>\n\t\t\t\t<\/div>\n\t\t\t\t<div class=\"elementor-element elementor-element-c6df693 elementor-widget elementor-widget-text-editor\" data-id=\"c6df693\" data-element_type=\"widget\" data-widget_type=\"text-editor.default\">\n\t\t\t\t<div class=\"elementor-widget-container\">\n\t\t\t\t\t\t\t<h1>Champagne Drouilly Pierre &amp; Fils<\/h1>\t\t\t\t\t\t<\/div>\n\t\t\t\t<\/div>\n\t\t\t\t<div class=\"elementor-element elementor-element-700b192 elementor-widget elementor-widget-text-editor\" data-id=\"700b192\" data-element_type=\"widget\" data-widget_type=\"text-editor.default\">\n\t\t\t\t<div class=\"elementor-widget-container\">\n\t\t\t\t\t\t\t<p>Cr\u00e9ation de <span style=\"font-family: &quot;Baloo 2&quot;, sans-serif; font-size: 20px; font-style: normal; font-variant-ligatures: normal; font-variant-caps: normal; font-weight: 400;\">packaging pour la Cuv\u00e9e du Pierro,<\/span><span style=\"font-size: 20px;\">&nbsp;d\u00e9pliants, montage vid\u00e9o et&nbsp;<\/span><a href=\"https:\/\/champagnedrouillypierreetfils.com\/\" target=\"_blank\" style=\"font-family: inherit; font-size: 20px; background-color: rgb(255, 255, 255);\">site internet<\/a><\/p>\t\t\t\t\t\t<\/div>\n\t\t\t\t<\/div>\n\t\t\t\t<div class=\"elementor-element elementor-element-6a1677b elementor-widget elementor-widget-spacer\" data-id=\"6a1677b\" data-element_type=\"widget\" data-widget_type=\"spacer.default\">\n\t\t\t\t<div class=\"elementor-widget-container\">\n\t\t\t\t\t<div class=\"elementor-spacer\">\n\t\t\t<div class=\"elementor-spacer-inner\"><\/div>\n\t\t<\/div>\n\t\t\t\t<\/div>\n\t\t\t\t<\/div>\n\t\t\t\t\t<\/div>\n\t\t<\/div>\n\t\t\t\t\t<\/div>\n\t\t<\/section>\n\t\t\t\t<section class=\"elementor-section elementor-top-section elementor-element elementor-element-6d84d1a elementor-section-boxed elementor-section-height-default elementor-section-height-default\" data-id=\"6d84d1a\" data-element_type=\"section\">\n\t\t\t\t\t\t<div class=\"elementor-container elementor-column-gap-default\">\n\t\t\t\t\t<div class=\"elementor-column elementor-col-33 elementor-top-column elementor-element elementor-element-75c9fe2\" data-id=\"75c9fe2\" data-element_type=\"column\">\n\t\t\t<div class=\"elementor-widget-wrap elementor-element-populated\">\n\t\t\t\t\t\t<div class=\"elementor-element elementor-element-b01993e elementor-widget elementor-widget-image\" data-id=\"b01993e\" data-element_type=\"widget\" data-widget_type=\"image.default\">\n\t\t\t\t<div class=\"elementor-widget-container\">\n\t\t\t\t\t\t\t\t\t\t\t\t\t<img fetchpriority=\"high\" decoding=\"async\" width=\"1024\" height=\"1024\" src=\"https:\/\/fifreligne.fr\/wp-content\/uploads\/2024\/06\/CuveePierro_01.png\" class=\"attachment-large size-large wp-image-1297\" alt=\"\" srcset=\"https:\/\/fifreligne.fr\/wp-content\/uploads\/2024\/06\/CuveePierro_01.png 1024w, https:\/\/fifreligne.fr\/wp-content\/uploads\/2024\/06\/CuveePierro_01-300x300.png 300w, https:\/\/fifreligne.fr\/wp-content\/uploads\/2024\/06\/CuveePierro_01-150x150.png 150w, https:\/\/fifreligne.fr\/wp-content\/uploads\/2024\/06\/CuveePierro_01-768x768.png 768w, https:\/\/fifreligne.fr\/wp-content\/uploads\/2024\/06\/CuveePierro_01-600x600.png 600w\" sizes=\"(max-width: 1024px) 100vw, 1024px\" \/>\t\t\t\t\t\t\t\t\t\t\t\t\t<\/div>\n\t\t\t\t<\/div>\n\t\t\t\t\t<\/div>\n\t\t<\/div>\n\t\t\t\t<div class=\"elementor-column elementor-col-33 elementor-top-column elementor-element elementor-element-b825ca5\" data-id=\"b825ca5\" data-element_type=\"column\">\n\t\t\t<div class=\"elementor-widget-wrap elementor-element-populated\">\n\t\t\t\t\t\t<div class=\"elementor-element elementor-element-0022f3a elementor-widget elementor-widget-image\" data-id=\"0022f3a\" data-element_type=\"widget\" data-widget_type=\"image.default\">\n\t\t\t\t<div class=\"elementor-widget-container\">\n\t\t\t\t\t\t\t\t\t\t\t\t\t<img decoding=\"async\" width=\"1024\" height=\"1024\" src=\"https:\/\/fifreligne.fr\/wp-content\/uploads\/2024\/06\/CuveePierro_03.png\" class=\"attachment-large size-large wp-image-1299\" alt=\"\" srcset=\"https:\/\/fifreligne.fr\/wp-content\/uploads\/2024\/06\/CuveePierro_03.png 1024w, https:\/\/fifreligne.fr\/wp-content\/uploads\/2024\/06\/CuveePierro_03-300x300.png 300w, https:\/\/fifreligne.fr\/wp-content\/uploads\/2024\/06\/CuveePierro_03-150x150.png 150w, https:\/\/fifreligne.fr\/wp-content\/uploads\/2024\/06\/CuveePierro_03-768x768.png 768w, https:\/\/fifreligne.fr\/wp-content\/uploads\/2024\/06\/CuveePierro_03-600x600.png 600w, https:\/\/fifreligne.fr\/wp-content\/uploads\/2024\/06\/elementor\/thumbs\/CuveePierro_03-qpzbhdykipngyp2itfgkwn55ce5p5c6131stwmsjns.png 500w\" sizes=\"(max-width: 1024px) 100vw, 1024px\" \/>\t\t\t\t\t\t\t\t\t\t\t\t\t<\/div>\n\t\t\t\t<\/div>\n\t\t\t\t\t<\/div>\n\t\t<\/div>\n\t\t\t\t<div class=\"elementor-column elementor-col-33 elementor-top-column elementor-element elementor-element-734c3d2\" data-id=\"734c3d2\" data-element_type=\"column\">\n\t\t\t<div class=\"elementor-widget-wrap elementor-element-populated\">\n\t\t\t\t\t\t<div class=\"elementor-element elementor-element-1997225 elementor-widget elementor-widget-image\" data-id=\"1997225\" data-element_type=\"widget\" data-widget_type=\"image.default\">\n\t\t\t\t<div class=\"elementor-widget-container\">\n\t\t\t\t\t\t\t\t\t\t\t\t\t<img decoding=\"async\" width=\"1024\" height=\"1024\" src=\"https:\/\/fifreligne.fr\/wp-content\/uploads\/2024\/06\/CuveePierro_02.png\" class=\"attachment-large size-large wp-image-1298\" alt=\"\" srcset=\"https:\/\/fifreligne.fr\/wp-content\/uploads\/2024\/06\/CuveePierro_02.png 1024w, https:\/\/fifreligne.fr\/wp-content\/uploads\/2024\/06\/CuveePierro_02-300x300.png 300w, https:\/\/fifreligne.fr\/wp-content\/uploads\/2024\/06\/CuveePierro_02-150x150.png 150w, https:\/\/fifreligne.fr\/wp-content\/uploads\/2024\/06\/CuveePierro_02-768x768.png 768w, https:\/\/fifreligne.fr\/wp-content\/uploads\/2024\/06\/CuveePierro_02-600x600.png 600w\" sizes=\"(max-width: 1024px) 100vw, 1024px\" \/>\t\t\t\t\t\t\t\t\t\t\t\t\t<\/div>\n\t\t\t\t<\/div>\n\t\t\t\t\t<\/div>\n\t\t<\/div>\n\t\t\t\t\t<\/div>\n\t\t<\/section>\n\t\t\t\t<section class=\"elementor-section elementor-top-section elementor-element elementor-element-3ad54e8 elementor-section-boxed elementor-section-height-default elementor-section-height-default\" data-id=\"3ad54e8\" data-element_type=\"section\">\n\t\t\t\t\t\t<div class=\"elementor-container elementor-column-gap-default\">\n\t\t\t\t\t<div class=\"elementor-column elementor-col-100 elementor-top-column elementor-element elementor-element-496e706\" data-id=\"496e706\" data-element_type=\"column\">\n\t\t\t<div class=\"elementor-widget-wrap elementor-element-populated\">\n\t\t\t\t\t\t<div class=\"elementor-element elementor-element-e49c965 elementor-widget elementor-widget-image\" data-id=\"e49c965\" data-element_type=\"widget\" data-widget_type=\"image.default\">\n\t\t\t\t<div class=\"elementor-widget-container\">\n\t\t\t\t\t\t\t\t\t\t\t\t\t<img loading=\"lazy\" decoding=\"async\" width=\"1024\" height=\"834\" src=\"https:\/\/fifreligne.fr\/wp-content\/uploads\/2022\/06\/depliant_drouilly-1-1024x834.jpg\" class=\"attachment-large size-large wp-image-958\" alt=\"\" srcset=\"https:\/\/fifreligne.fr\/wp-content\/uploads\/2022\/06\/depliant_drouilly-1-1024x834.jpg 1024w, https:\/\/fifreligne.fr\/wp-content\/uploads\/2022\/06\/depliant_drouilly-1-300x244.jpg 300w, https:\/\/fifreligne.fr\/wp-content\/uploads\/2022\/06\/depliant_drouilly-1-768x625.jpg 768w, https:\/\/fifreligne.fr\/wp-content\/uploads\/2022\/06\/depliant_drouilly-1-1536x1251.jpg 1536w, https:\/\/fifreligne.fr\/wp-content\/uploads\/2022\/06\/depliant_drouilly-1-2048x1667.jpg 2048w\" sizes=\"(max-width: 1024px) 100vw, 1024px\" \/>\t\t\t\t\t\t\t\t\t\t\t\t\t<\/div>\n\t\t\t\t<\/div>\n\t\t\t\t\t<\/div>\n\t\t<\/div>\n\t\t\t\t\t<\/div>\n\t\t<\/section>\n\t\t\t\t<section class=\"elementor-section elementor-top-section elementor-element elementor-element-d5b2479 elementor-section-boxed elementor-section-height-default elementor-section-height-default\" data-id=\"d5b2479\" data-element_type=\"section\">\n\t\t\t\t\t\t<div class=\"elementor-container elementor-column-gap-default\">\n\t\t\t\t\t<div class=\"elementor-column elementor-col-100 elementor-top-column elementor-element elementor-element-70196f9\" data-id=\"70196f9\" data-element_type=\"column\">\n\t\t\t<div class=\"elementor-widget-wrap elementor-element-populated\">\n\t\t\t\t\t\t<div class=\"elementor-element elementor-element-5248501 elementor-widget elementor-widget-video\" data-id=\"5248501\" data-element_type=\"widget\" data-settings=\"{&quot;video_type&quot;:&quot;hosted&quot;,&quot;autoplay&quot;:&quot;yes&quot;,&quot;mute&quot;:&quot;yes&quot;,&quot;controls&quot;:&quot;yes&quot;}\" data-widget_type=\"video.default\">\n\t\t\t\t<div class=\"elementor-widget-container\">\n\t\t\t\t\t<div class=\"e-hosted-video elementor-wrapper elementor-open-inline\">\n\t\t\t\t\t<video class=\"elementor-video\" src=\"https:\/\/fifreligne.fr\/wp-content\/uploads\/2022\/06\/VIDEO02_DROUILLY.mp4\" autoplay=\"\" controls=\"\" muted=\"muted\" controlsList=\"nodownload\"><\/video>\n\t\t\t\t<\/div>\n\t\t\t\t<\/div>\n\t\t\t\t<\/div>\n\t\t\t\t\t<\/div>\n\t\t<\/div>\n\t\t\t\t\t<\/div>\n\t\t<\/section>\n\t\t\t\t<\/div>\n\t\t","protected":false},"excerpt":{"rendered":"<p>Champagne Drouilly Pierre &amp; Fils Cr\u00e9ation de packaging pour la Cuv\u00e9e du Pierro,&nbsp;d\u00e9pliants, montage vid\u00e9o et&nbsp;site internet https:\/\/fifreligne.fr\/wp-content\/uploads\/2022\/06\/VIDEO02_DROUILLY.mp4<\/p>\n","protected":false},"author":1,"featured_media":0,"parent":0,"menu_order":0,"comment_status":"closed","ping_status":"closed","template":"","meta":{"_monsterinsights_skip_tracking":false,"_monsterinsights_sitenote_active":false,"_monsterinsights_sitenote_note":"","_monsterinsights_sitenote_category":0,"ocean_post_layout":"full-screen","ocean_both_sidebars_style":"","ocean_both_sidebars_content_width":0,"ocean_both_sidebars_sidebars_width":0,"ocean_sidebar":"0","ocean_second_sidebar":"0","ocean_disable_margins":"enable","ocean_add_body_class":"","ocean_shortcode_before_top_bar":"","ocean_shortcode_after_top_bar":"","ocean_shortcode_before_header":"","ocean_shortcode_after_header":"","ocean_has_shortcode":"","ocean_shortcode_after_title":"","ocean_shortcode_before_footer_widgets":"","ocean_shortcode_after_footer_widgets":"","ocean_shortcode_before_footer_bottom":"","ocean_shortcode_after_footer_bottom":"","ocean_display_top_bar":"default","ocean_display_header":"default","ocean_header_style":"","ocean_center_header_left_menu":"0","ocean_custom_header_template":"0","ocean_custom_logo":0,"ocean_custom_retina_logo":0,"ocean_custom_logo_max_width":0,"ocean_custom_logo_tablet_max_width":0,"ocean_custom_logo_mobile_max_width":0,"ocean_custom_logo_max_height":0,"ocean_custom_logo_tablet_max_height":0,"ocean_custom_logo_mobile_max_height":0,"ocean_header_custom_menu":"0","ocean_menu_typo_font_family":"0","ocean_menu_typo_font_subset":"","ocean_menu_typo_font_size":0,"ocean_menu_typo_font_size_tablet":0,"ocean_menu_typo_font_size_mobile":0,"ocean_menu_typo_font_size_unit":"px","ocean_menu_typo_font_weight":"","ocean_menu_typo_font_weight_tablet":"","ocean_menu_typo_font_weight_mobile":"","ocean_menu_typo_transform":"","ocean_menu_typo_transform_tablet":"","ocean_menu_typo_transform_mobile":"","ocean_menu_typo_line_height":0,"ocean_menu_typo_line_height_tablet":0,"ocean_menu_typo_line_height_mobile":0,"ocean_menu_typo_line_height_unit":"","ocean_menu_typo_spacing":0,"ocean_menu_typo_spacing_tablet":0,"ocean_menu_typo_spacing_mobile":0,"ocean_menu_typo_spacing_unit":"","ocean_menu_link_color":"#606060","ocean_menu_link_color_hover":"","ocean_menu_link_color_active":"","ocean_menu_link_background":"","ocean_menu_link_hover_background":"","ocean_menu_link_active_background":"","ocean_menu_social_links_bg":"","ocean_menu_social_hover_links_bg":"","ocean_menu_social_links_color":"","ocean_menu_social_hover_links_color":"","ocean_disable_title":"on","ocean_disable_heading":"default","ocean_post_title":"","ocean_post_subheading":"","ocean_post_title_style":"","ocean_post_title_background_color":"","ocean_post_title_background":0,"ocean_post_title_bg_image_position":"","ocean_post_title_bg_image_attachment":"","ocean_post_title_bg_image_repeat":"","ocean_post_title_bg_image_size":"","ocean_post_title_height":0,"ocean_post_title_bg_overlay":0.5,"ocean_post_title_bg_overlay_color":"","ocean_disable_breadcrumbs":"off","ocean_breadcrumbs_color":"","ocean_breadcrumbs_separator_color":"","ocean_breadcrumbs_links_color":"","ocean_breadcrumbs_links_hover_color":"","ocean_display_footer_widgets":"default","ocean_display_footer_bottom":"default","ocean_custom_footer_template":"0","footnotes":""},"_links":{"self":[{"href":"https:\/\/fifreligne.fr\/index.php\/wp-json\/wp\/v2\/pages\/953"}],"collection":[{"href":"https:\/\/fifreligne.fr\/index.php\/wp-json\/wp\/v2\/pages"}],"about":[{"href":"https:\/\/fifreligne.fr\/index.php\/wp-json\/wp\/v2\/types\/page"}],"author":[{"embeddable":true,"href":"https:\/\/fifreligne.fr\/index.php\/wp-json\/wp\/v2\/users\/1"}],"replies":[{"embeddable":true,"href":"https:\/\/fifreligne.fr\/index.php\/wp-json\/wp\/v2\/comments?post=953"}],"version-history":[{"count":19,"href":"https:\/\/fifreligne.fr\/index.php\/wp-json\/wp\/v2\/pages\/953\/revisions"}],"predecessor-version":[{"id":1311,"href":"https:\/\/fifreligne.fr\/index.php\/wp-json\/wp\/v2\/pages\/953\/revisions\/1311"}],"wp:attachment":[{"href":"https:\/\/fifreligne.fr\/index.php\/wp-json\/wp\/v2\/media?parent=953"}],"curies":[{"name":"wp","href":"https:\/\/api.w.org\/{rel}","templated":true}]}}